{"id":28,"date":"2026-01-28T11:43:21","date_gmt":"2026-01-28T10:43:21","guid":{"rendered":"https:\/\/www.she-tirol.at\/?page_id=28"},"modified":"2026-01-28T11:54:36","modified_gmt":"2026-01-28T10:54:36","slug":"ueber-uns","status":"publish","type":"page","link":"https:\/\/www.she-tirol.at\/?page_id=28","title":{"rendered":"\u00dcber uns"},"content":{"rendered":"\n<h4 class=\"wp-block-heading\" style=\"border-top-left-radius:13px;border-top-right-radius:13px;border-bottom-left-radius:13px;border-bottom-right-radius:13px\"><code>\u00dcber SHE Stick &amp; Personalisierung<\/code><\/h4>\n\n\n\n<p>SHE steht f\u00fcr individuelle Stickerei und Personalisierung aus Tirol.<\/p>\n\n\n\n<p>Ich lege gro\u00dfen Wert auf saubere Handarbeit, hochwertige Materialien<br>und langlebige Ergebnisse. Jedes St\u00fcck wird mit Sorgfalt und Liebe<br>zum Detail umgesetzt \u2013 egal ob Einzelst\u00fcck oder Serie.<\/p>\n\n\n\n<p>Meine Arbeit richtet sich an Privatpersonen, Firmen, Vereine<br>und alle, die Wert auf Qualit\u00e4t und Pers\u00f6nlichkeit legen.<\/p>\n\n\n\n<p>Der Online-Shop befindet sich aktuell im Aufbau.<br>Anfragen sind jederzeit per E-Mail m\u00f6glich.<\/p>\n\n\n\n<p><\/p>\n","protected":false},"excerpt":{"rendered":"<p>\u00dcber SHE Stick &amp; Personalisierung SHE steht f\u00fcr individuelle Stickerei und Personalisierung aus Tirol. Ich lege gro\u00dfen Wert auf saubere Handarbeit, hochwertige Materialienund langlebige Ergebnisse. Jedes St\u00fcck wird mit Sorgfalt und Liebezum Detail umgesetzt \u2013 egal ob Einzelst\u00fcck oder Serie. Meine Arbeit richtet sich an Privatpersonen, Firmen, Vereineund alle, die Wert auf Qualit\u00e4t und Pers\u00f6nlichkeit&#8230;<\/p>\n","protected":false},"author":1,"featured_media":0,"parent":0,"menu_order":0,"comment_status":"closed","ping_status":"closed","template":"","meta":{"_kad_post_transparent":"","_kad_post_title":"","_kad_post_layout":"","_kad_post_sidebar_id":"","_kad_post_content_style":"","_kad_post_vertical_padding":"","_kad_post_feature":"","_kad_post_feature_position":"","_kad_post_header":false,"_kad_post_footer":false,"_kad_post_classname":"","footnotes":""},"class_list":["post-28","page","type-page","status-publish","hentry"],"yoast_head":"<!-- This site is optimized with the Yoast SEO plugin v27.2 - https:\/\/yoast.com\/product\/yoast-seo-wordpress\/ -->\n<title>\u00dcber uns - SHE Stickerei &amp; Personalisierung<\/title>\n<meta name=\"robots\" content=\"index, follow, max-snippet:-1, max-image-preview:large, max-video-preview:-1\" \/>\n<link rel=\"canonical\" href=\"https:\/\/www.she-tirol.at\/?page_id=28\" \/>\n<meta property=\"og:locale\" content=\"de_DE\" \/>\n<meta property=\"og:type\" content=\"article\" \/>\n<meta property=\"og:title\" content=\"\u00dcber uns - SHE Stickerei &amp; Personalisierung\" \/>\n<meta property=\"og:description\" content=\"\u00dcber SHE Stick &amp; Personalisierung SHE steht f\u00fcr individuelle Stickerei und Personalisierung aus Tirol. Ich lege gro\u00dfen Wert auf saubere Handarbeit, hochwertige Materialienund langlebige Ergebnisse. Jedes St\u00fcck wird mit Sorgfalt und Liebezum Detail umgesetzt \u2013 egal ob Einzelst\u00fcck oder Serie. Meine Arbeit richtet sich an Privatpersonen, Firmen, Vereineund alle, die Wert auf Qualit\u00e4t und Pers\u00f6nlichkeit...\" \/>\n<meta property=\"og:url\" content=\"https:\/\/www.she-tirol.at\/?page_id=28\" \/>\n<meta property=\"og:site_name\" content=\"SHE Stickerei &amp; Personalisierung\" \/>\n<meta property=\"article:modified_time\" content=\"2026-01-28T10:54:36+00:00\" \/>\n<meta name=\"twitter:card\" content=\"summary_large_image\" \/>\n<meta name=\"twitter:label1\" content=\"Gesch\u00e4tzte Lesezeit\" \/>\n\t<meta name=\"twitter:data1\" content=\"1 Minute\" \/>\n<script type=\"application\/ld+json\" class=\"yoast-schema-graph\">{\"@context\":\"https:\/\/schema.org\",\"@graph\":[{\"@type\":\"WebPage\",\"@id\":\"https:\/\/www.she-tirol.at\/?page_id=28\",\"url\":\"https:\/\/www.she-tirol.at\/?page_id=28\",\"name\":\"\u00dcber uns - SHE Stickerei &amp; Personalisierung\",\"isPartOf\":{\"@id\":\"https:\/\/www.she-tirol.at\/#website\"},\"datePublished\":\"2026-01-28T10:43:21+00:00\",\"dateModified\":\"2026-01-28T10:54:36+00:00\",\"breadcrumb\":{\"@id\":\"https:\/\/www.she-tirol.at\/?page_id=28#breadcrumb\"},\"inLanguage\":\"de-AT\",\"potentialAction\":[{\"@type\":\"ReadAction\",\"target\":[\"https:\/\/www.she-tirol.at\/?page_id=28\"]}]},{\"@type\":\"BreadcrumbList\",\"@id\":\"https:\/\/www.she-tirol.at\/?page_id=28#breadcrumb\",\"itemListElement\":[{\"@type\":\"ListItem\",\"position\":1,\"name\":\"Start\",\"item\":\"https:\/\/www.she-tirol.at\/\"},{\"@type\":\"ListItem\",\"position\":2,\"name\":\"\u00dcber uns\"}]},{\"@type\":\"WebSite\",\"@id\":\"https:\/\/www.she-tirol.at\/#website\",\"url\":\"https:\/\/www.she-tirol.at\/\",\"name\":\"SHE Stickerei &amp; Personalisierung\",\"description\":\"\",\"publisher\":{\"@id\":\"https:\/\/www.she-tirol.at\/#organization\"},\"potentialAction\":[{\"@type\":\"SearchAction\",\"target\":{\"@type\":\"EntryPoint\",\"urlTemplate\":\"https:\/\/www.she-tirol.at\/?s={search_term_string}\"},\"query-input\":{\"@type\":\"PropertyValueSpecification\",\"valueRequired\":true,\"valueName\":\"search_term_string\"}}],\"inLanguage\":\"de-AT\"},{\"@type\":\"Organization\",\"@id\":\"https:\/\/www.she-tirol.at\/#organization\",\"name\":\"SHE Stickerei &amp; Personalisierung\",\"url\":\"https:\/\/www.she-tirol.at\/\",\"logo\":{\"@type\":\"ImageObject\",\"inLanguage\":\"de-AT\",\"@id\":\"https:\/\/www.she-tirol.at\/#\/schema\/logo\/image\/\",\"url\":\"https:\/\/www.she-tirol.at\/wp-content\/uploads\/2026\/01\/cropped-Logotest.png\",\"contentUrl\":\"https:\/\/www.she-tirol.at\/wp-content\/uploads\/2026\/01\/cropped-Logotest.png\",\"width\":1000,\"height\":770,\"caption\":\"SHE Stickerei &amp; Personalisierung\"},\"image\":{\"@id\":\"https:\/\/www.she-tirol.at\/#\/schema\/logo\/image\/\"}}]}<\/script>\n<!-- \/ Yoast SEO plugin. -->","yoast_head_json":{"title":"\u00dcber uns - SHE Stickerei &amp; Personalisierung","robots":{"index":"index","follow":"follow","max-snippet":"max-snippet:-1","max-image-preview":"max-image-preview:large","max-video-preview":"max-video-preview:-1"},"canonical":"https:\/\/www.she-tirol.at\/?page_id=28","og_locale":"de_DE","og_type":"article","og_title":"\u00dcber uns - SHE Stickerei &amp; Personalisierung","og_description":"\u00dcber SHE Stick &amp; Personalisierung SHE steht f\u00fcr individuelle Stickerei und Personalisierung aus Tirol. Ich lege gro\u00dfen Wert auf saubere Handarbeit, hochwertige Materialienund langlebige Ergebnisse. Jedes St\u00fcck wird mit Sorgfalt und Liebezum Detail umgesetzt \u2013 egal ob Einzelst\u00fcck oder Serie. Meine Arbeit richtet sich an Privatpersonen, Firmen, Vereineund alle, die Wert auf Qualit\u00e4t und Pers\u00f6nlichkeit...","og_url":"https:\/\/www.she-tirol.at\/?page_id=28","og_site_name":"SHE Stickerei &amp; Personalisierung","article_modified_time":"2026-01-28T10:54:36+00:00","twitter_card":"summary_large_image","twitter_misc":{"Gesch\u00e4tzte Lesezeit":"1 Minute"},"schema":{"@context":"https:\/\/schema.org","@graph":[{"@type":"WebPage","@id":"https:\/\/www.she-tirol.at\/?page_id=28","url":"https:\/\/www.she-tirol.at\/?page_id=28","name":"\u00dcber uns - SHE Stickerei &amp; Personalisierung","isPartOf":{"@id":"https:\/\/www.she-tirol.at\/#website"},"datePublished":"2026-01-28T10:43:21+00:00","dateModified":"2026-01-28T10:54:36+00:00","breadcrumb":{"@id":"https:\/\/www.she-tirol.at\/?page_id=28#breadcrumb"},"inLanguage":"de-AT","potentialAction":[{"@type":"ReadAction","target":["https:\/\/www.she-tirol.at\/?page_id=28"]}]},{"@type":"BreadcrumbList","@id":"https:\/\/www.she-tirol.at\/?page_id=28#breadcrumb","itemListElement":[{"@type":"ListItem","position":1,"name":"Start","item":"https:\/\/www.she-tirol.at\/"},{"@type":"ListItem","position":2,"name":"\u00dcber uns"}]},{"@type":"WebSite","@id":"https:\/\/www.she-tirol.at\/#website","url":"https:\/\/www.she-tirol.at\/","name":"SHE Stickerei &amp; Personalisierung","description":"","publisher":{"@id":"https:\/\/www.she-tirol.at\/#organization"},"potentialAction":[{"@type":"SearchAction","target":{"@type":"EntryPoint","urlTemplate":"https:\/\/www.she-tirol.at\/?s={search_term_string}"},"query-input":{"@type":"PropertyValueSpecification","valueRequired":true,"valueName":"search_term_string"}}],"inLanguage":"de-AT"},{"@type":"Organization","@id":"https:\/\/www.she-tirol.at\/#organization","name":"SHE Stickerei &amp; Personalisierung","url":"https:\/\/www.she-tirol.at\/","logo":{"@type":"ImageObject","inLanguage":"de-AT","@id":"https:\/\/www.she-tirol.at\/#\/schema\/logo\/image\/","url":"https:\/\/www.she-tirol.at\/wp-content\/uploads\/2026\/01\/cropped-Logotest.png","contentUrl":"https:\/\/www.she-tirol.at\/wp-content\/uploads\/2026\/01\/cropped-Logotest.png","width":1000,"height":770,"caption":"SHE Stickerei &amp; Personalisierung"},"image":{"@id":"https:\/\/www.she-tirol.at\/#\/schema\/logo\/image\/"}}]}},"_links":{"self":[{"href":"https:\/\/www.she-tirol.at\/index.php?rest_route=\/wp\/v2\/pages\/28","targetHints":{"allow":["GET"]}}],"collection":[{"href":"https:\/\/www.she-tirol.at\/index.php?rest_route=\/wp\/v2\/pages"}],"about":[{"href":"https:\/\/www.she-tirol.at\/index.php?rest_route=\/wp\/v2\/types\/page"}],"author":[{"embeddable":true,"href":"https:\/\/www.she-tirol.at\/index.php?rest_route=\/wp\/v2\/users\/1"}],"replies":[{"embeddable":true,"href":"https:\/\/www.she-tirol.at\/index.php?rest_route=%2Fwp%2Fv2%2Fcomments&post=28"}],"version-history":[{"count":5,"href":"https:\/\/www.she-tirol.at\/index.php?rest_route=\/wp\/v2\/pages\/28\/revisions"}],"predecessor-version":[{"id":38,"href":"https:\/\/www.she-tirol.at\/index.php?rest_route=\/wp\/v2\/pages\/28\/revisions\/38"}],"wp:attachment":[{"href":"https:\/\/www.she-tirol.at\/index.php?rest_route=%2Fwp%2Fv2%2Fmedia&parent=28"}],"curies":[{"name":"wp","href":"https:\/\/api.w.org\/{rel}","templated":true}]}}